{"id":12807,"date":"2022-11-10T17:46:29","date_gmt":"2022-11-10T17:46:29","guid":{"rendered":"https:\/\/pleasure-world.com\/contacts\/"},"modified":"2024-09-09T10:17:48","modified_gmt":"2024-09-09T10:17:48","slug":"contacts","status":"publish","type":"page","link":"https:\/\/pleasure-world.com\/sk\/contacts\/","title":{"rendered":"Contacts"},"content":{"rendered":"<div data-elementor-type=\"wp-page\" data-elementor-id=\"12807\" class=\"elementor elementor-12807 elementor-3383\" data-elementor-post-type=\"page\">\n\t\t\t\t\t\t<section class=\"elementor-section elementor-top-section elementor-element elementor-element-dc69f15 elementor-section-boxed elementor-section-height-default elementor-section-height-default\" data-id=\"dc69f15\" data-element_type=\"section\">\n\t\t\t\t\t\t<div class=\"elementor-container elementor-column-gap-default\">\n\t\t\t\t\t<div class=\"elementor-column elementor-col-100 elementor-top-column elementor-element elementor-element-b767aed\" data-id=\"b767aed\" data-element_type=\"column\">\n\t\t\t<div class=\"elementor-widget-wrap elementor-element-populated\">\n\t\t\t\t\t\t<section class=\"elementor-section elementor-inner-section elementor-element elementor-element-8f0f333 elementor-section-boxed elementor-section-height-default elementor-section-height-default\" data-id=\"8f0f333\" data-element_type=\"section\">\n\t\t\t\t\t\t<div class=\"elementor-container elementor-column-gap-default\">\n\t\t\t\t\t<div class=\"elementor-column elementor-col-100 elementor-inner-column elementor-element elementor-element-8936d47\" data-id=\"8936d47\" data-element_type=\"column\">\n\t\t\t<div class=\"elementor-widget-wrap elementor-element-populated\">\n\t\t\t\t\t\t<div class=\"elementor-element elementor-element-19a57ee elementor-widget elementor-widget-heading\" data-id=\"19a57ee\" data-element_type=\"widget\" data-widget_type=\"heading.default\">\n\t\t\t\t\t<h1 class=\"elementor-heading-title elementor-size-default\">Kontaktujte n\u00e1s<\/h1>\t\t\t\t<\/div>\n\t\t\t\t<div class=\"elementor-element elementor-element-7c03b75 forma-contact elementor-widget elementor-widget-text-editor\" data-id=\"7c03b75\" data-element_type=\"widget\" data-widget_type=\"text-editor.default\">\n\t\t\t\t\t\t\t\t\t<p>\n<div class=\"wpcf7 no-js\" id=\"wpcf7-f70190-p12807-o1\" lang=\"sk-SK\" dir=\"ltr\" data-wpcf7-id=\"70190\">\n<div class=\"screen-reader-response\"><p role=\"status\" aria-live=\"polite\" aria-atomic=\"true\"><\/p> <ul><\/ul><\/div>\n<form action=\"\/sk\/contacts\/#wpcf7-f70190-p12807-o1\" method=\"post\" class=\"wpcf7-form init\" aria-label=\"Kontaktn\u00fd formul\u00e1r\" novalidate=\"novalidate\" data-status=\"init\">\n<fieldset class=\"hidden-fields-container\"><input type=\"hidden\" name=\"_wpcf7\" value=\"70190\" \/><input type=\"hidden\" name=\"_wpcf7_version\" value=\"6.1.5\" \/><input type=\"hidden\" name=\"_wpcf7_locale\" value=\"sk_SK\" \/><input type=\"hidden\" name=\"_wpcf7_unit_tag\" value=\"wpcf7-f70190-p12807-o1\" \/><input type=\"hidden\" name=\"_wpcf7_container_post\" value=\"12807\" \/><input type=\"hidden\" name=\"_wpcf7_posted_data_hash\" value=\"\" \/><input type=\"hidden\" name=\"_wpcf7_recaptcha_response\" value=\"\" \/>\n<\/fieldset>\n<div class=\"forma-contact\">\n\t<p><span class=\"wpcf7-form-control-wrap\" data-name=\"your-name\"><input size=\"40\" maxlength=\"400\" class=\"wpcf7-form-control wpcf7-text\" aria-invalid=\"false\" placeholder=\"Va\u0161e meno\" value=\"\" type=\"text\" name=\"your-name\" \/><\/span><br \/>\n<span id=\"wpcf7-69d179d91f325-wrapper\" class=\"wpcf7-form-control-wrap email-wrap\" ><input type=\"hidden\" name=\"email-time-start\" value=\"1775335897\"><input type=\"hidden\" name=\"email-time-check\" value=\"4\"><label for=\"wpcf7-69d179d91f325-field\" class=\"hp-message\">Please leave this field empty.<\/label><input id=\"wpcf7-69d179d91f325-field\"  class=\"wpcf7-form-control wpcf7-text\" type=\"text\" name=\"email\" value=\"\" size=\"40\" tabindex=\"-1\" autocomplete=\"new-password\" \/><\/span><br \/>\n<span class=\"wpcf7-form-control-wrap\" data-name=\"your-email\"><input size=\"40\" maxlength=\"400\" class=\"wpcf7-form-control wpcf7-email wpcf7-validates-as-required wpcf7-text wpcf7-validates-as-email\" aria-required=\"true\" aria-invalid=\"false\" placeholder=\"V\u00e1\u0161 email\" value=\"\" type=\"email\" name=\"your-email\" \/><\/span>\n\t<\/p>\n\t<p><span class=\"wpcf7-form-control-wrap\" data-name=\"your-message\"><textarea cols=\"40\" rows=\"10\" maxlength=\"2000\" class=\"wpcf7-form-control wpcf7-textarea\" aria-invalid=\"false\" placeholder=\"Zadajte svoju spr\u00e1vu\" name=\"your-message\"><\/textarea><\/span>\n\t<\/p>\n\t<p><input class=\"wpcf7-form-control wpcf7-submit has-spinner\" type=\"submit\" value=\"Po\u0161lite \u017eiados\u0165\" \/>\n\t<\/p>\n<\/div><div class=\"wpcf7-response-output\" aria-hidden=\"true\"><\/div>\n<\/form>\n<\/div>\n<\/p>\t\t\t\t\t\t\t\t<\/div>\n\t\t\t\t\t<\/div>\n\t\t<\/div>\n\t\t\t\t\t<\/div>\n\t\t<\/section>\n\t\t\t\t\t<\/div>\n\t\t<\/div>\n\t\t\t\t\t<\/div>\n\t\t<\/section>\n\t\t\t\t<\/div>","protected":false},"excerpt":{"rendered":"<p>Kontaktujte n\u00e1s<\/p>\n","protected":false},"author":30,"featured_media":9735,"parent":0,"menu_order":0,"comment_status":"closed","ping_status":"closed","template":"","meta":{"footnotes":""},"class_list":["post-12807","page","type-page","status-publish","has-post-thumbnail","hentry"],"acf":[],"_links":{"self":[{"href":"https:\/\/pleasure-world.com\/sk\/wp-json\/wp\/v2\/pages\/12807","targetHints":{"allow":["GET"]}}],"collection":[{"href":"https:\/\/pleasure-world.com\/sk\/wp-json\/wp\/v2\/pages"}],"about":[{"href":"https:\/\/pleasure-world.com\/sk\/wp-json\/wp\/v2\/types\/page"}],"author":[{"embeddable":true,"href":"https:\/\/pleasure-world.com\/sk\/wp-json\/wp\/v2\/users\/30"}],"replies":[{"embeddable":true,"href":"https:\/\/pleasure-world.com\/sk\/wp-json\/wp\/v2\/comments?post=12807"}],"version-history":[{"count":0,"href":"https:\/\/pleasure-world.com\/sk\/wp-json\/wp\/v2\/pages\/12807\/revisions"}],"wp:featuredmedia":[{"embeddable":true,"href":"https:\/\/pleasure-world.com\/sk\/wp-json\/wp\/v2\/media\/9735"}],"wp:attachment":[{"href":"https:\/\/pleasure-world.com\/sk\/wp-json\/wp\/v2\/media?parent=12807"}],"curies":[{"name":"wp","href":"https:\/\/api.w.org\/{rel}","templated":true}]}}