{"id":12771,"date":"2022-11-17T11:04:49","date_gmt":"2022-11-17T11:04:49","guid":{"rendered":"https:\/\/pleasure-world.com\/locations\/"},"modified":"2024-09-09T10:24:34","modified_gmt":"2024-09-09T10:24:34","slug":"locations","status":"publish","type":"page","link":"https:\/\/pleasure-world.com\/sk\/locations\/","title":{"rendered":"Locations"},"content":{"rendered":"<div data-elementor-type=\"wp-page\" data-elementor-id=\"12771\" class=\"elementor elementor-12771 elementor-9379\" data-elementor-post-type=\"page\">\n\t\t\t\t\t\t<section class=\"elementor-section elementor-top-section elementor-element elementor-element-06b4e1b elementor-section-boxed elementor-section-height-default elementor-section-height-default\" data-id=\"06b4e1b\" data-element_type=\"section\">\n\t\t\t\t\t\t<div class=\"elementor-container elementor-column-gap-default\">\n\t\t\t\t\t<div class=\"elementor-column elementor-col-100 elementor-top-column elementor-element elementor-element-7940666\" data-id=\"7940666\" data-element_type=\"column\">\n\t\t\t<div class=\"elementor-widget-wrap elementor-element-populated\">\n\t\t\t\t\t\t<div class=\"elementor-element elementor-element-0147c07 elementor-widget elementor-widget-heading\" data-id=\"0147c07\" data-element_type=\"widget\" data-widget_type=\"heading.default\">\n\t\t\t\t\t<h1 class=\"elementor-heading-title elementor-size-default\">Miesta<\/h1>\t\t\t\t<\/div>\n\t\t\t\t<div class=\"elementor-element elementor-element-1fcc5ec elementor-widget elementor-widget-shortcode\" data-id=\"1fcc5ec\" data-element_type=\"widget\" data-widget_type=\"shortcode.default\">\n\t\t\t\t\t\t\t<div class=\"elementor-shortcode\"><div class=\"flex locations\" style=\"flex-wrap:wrap;\"><div class=\"column\"><a class=\"first_locs\" href=\"https:\/\/pleasure-world.com\/sk\/models\/all-genders\/australia\/\">Austr\u00e1lia<\/a><br><a class=\"second_locs\" href=\"https:\/\/pleasure-world.com\/sk\/models\/all-genders\/australia\/adelaide\/\">Adelaide<\/a><br><a class=\"second_locs\" href=\"https:\/\/pleasure-world.com\/sk\/models\/all-genders\/australia\/melbourne\/\">Melbourne<\/a><br><a class=\"second_locs\" href=\"https:\/\/pleasure-world.com\/sk\/models\/all-genders\/australia\/sydney\/\">Sydney<\/a><br><\/div><div class=\"column\"><a class=\"first_locs\" href=\"https:\/\/pleasure-world.com\/sk\/models\/all-genders\/czech-republic\/\">\u010cesk\u00e1 republika<\/a><br><a class=\"second_locs\" href=\"https:\/\/pleasure-world.com\/sk\/models\/all-genders\/czech-republic\/brno\/\">Brno<\/a><br><a class=\"second_locs\" href=\"https:\/\/pleasure-world.com\/sk\/models\/all-genders\/czech-republic\/prague\/\">Praha<\/a><br><a class=\"third_locs\" href=\"https:\/\/pleasure-world.com\/sk\/models\/all-genders\/czech-republic\/prague\/prague-1\/\">Praha 1<\/a><br><a class=\"third_locs\" href=\"https:\/\/pleasure-world.com\/sk\/models\/all-genders\/czech-republic\/prague\/prague-10\/\">Praha 10<\/a><br><a class=\"third_locs\" href=\"https:\/\/pleasure-world.com\/sk\/models\/all-genders\/czech-republic\/prague\/prague-2\/\">Praha 2<\/a><br><a class=\"third_locs\" href=\"https:\/\/pleasure-world.com\/sk\/models\/all-genders\/czech-republic\/prague\/prague-3\/\">Praha 3<\/a><br><a class=\"third_locs\" href=\"https:\/\/pleasure-world.com\/sk\/models\/all-genders\/czech-republic\/prague\/prague-4\/\">Praha 4<\/a><br><a class=\"third_locs\" href=\"https:\/\/pleasure-world.com\/sk\/models\/all-genders\/czech-republic\/prague\/prague-5\/\">Praha 5<\/a><br><a class=\"third_locs\" href=\"https:\/\/pleasure-world.com\/sk\/models\/all-genders\/czech-republic\/prague\/prague-6\/\">Praha 6<\/a><br><a class=\"third_locs\" href=\"https:\/\/pleasure-world.com\/sk\/models\/all-genders\/czech-republic\/prague\/prague-7\/\">Praha 7<\/a><br><a class=\"third_locs\" href=\"https:\/\/pleasure-world.com\/sk\/models\/all-genders\/czech-republic\/prague\/prague-8\/\">Praha 8<\/a><br><a class=\"third_locs\" href=\"https:\/\/pleasure-world.com\/sk\/models\/all-genders\/czech-republic\/prague\/prague-9\/\">Praha 9<\/a><br><\/div><div class=\"column\"><a class=\"first_locs\" href=\"https:\/\/pleasure-world.com\/sk\/models\/all-genders\/france\/\">Franc\u00fazsko<\/a><br><a class=\"second_locs\" href=\"https:\/\/pleasure-world.com\/sk\/models\/all-genders\/france\/bordeaux\/\">Bordeaux<\/a><br><a class=\"second_locs\" href=\"https:\/\/pleasure-world.com\/sk\/models\/all-genders\/france\/grenoble\/\">Grenoble<\/a><br><a class=\"second_locs\" href=\"https:\/\/pleasure-world.com\/sk\/models\/all-genders\/france\/lyon\/\">Lyon<\/a><br><a class=\"second_locs\" href=\"https:\/\/pleasure-world.com\/sk\/models\/all-genders\/france\/marseille\/\">Marseille<\/a><br><a class=\"second_locs\" href=\"https:\/\/pleasure-world.com\/sk\/models\/all-genders\/france\/montpellier\/\">Montpellier<\/a><br><a class=\"second_locs\" href=\"https:\/\/pleasure-world.com\/sk\/models\/all-genders\/france\/nice\/\">Nice<\/a><br><a class=\"second_locs\" href=\"https:\/\/pleasure-world.com\/sk\/models\/all-genders\/france\/paris\/\">Par\u00ed\u017e<\/a><br><a class=\"second_locs\" href=\"https:\/\/pleasure-world.com\/sk\/models\/all-genders\/france\/rennes\/\">Rennes<\/a><br><a class=\"second_locs\" href=\"https:\/\/pleasure-world.com\/sk\/models\/all-genders\/france\/strasbourg\/\">\u0160trasburg<\/a><br><\/div><div class=\"column\"><a class=\"first_locs\" href=\"https:\/\/pleasure-world.com\/sk\/models\/all-genders\/ireland\/\">\u00cdrsko<\/a><br><a class=\"second_locs\" href=\"https:\/\/pleasure-world.com\/sk\/models\/all-genders\/ireland\/dublin\/\">Dublin<\/a><br><\/div><div class=\"column\"><a class=\"first_locs\" href=\"https:\/\/pleasure-world.com\/sk\/models\/all-genders\/canada\/\">Kanada<\/a><br><a class=\"second_locs\" href=\"https:\/\/pleasure-world.com\/sk\/models\/all-genders\/canada\/calgary\/\">Calgary<\/a><br><\/div><div class=\"column\"><a class=\"first_locs\" href=\"https:\/\/pleasure-world.com\/sk\/models\/all-genders\/germany\/\">Nemecko<\/a><br><a class=\"second_locs\" href=\"https:\/\/pleasure-world.com\/sk\/models\/all-genders\/germany\/berlin\/\">Berl\u00edn<\/a><br><\/div><div class=\"column\"><a class=\"first_locs\" href=\"https:\/\/pleasure-world.com\/sk\/models\/all-genders\/united-arab-emirates\/\">Spojen\u00e9 arabsk\u00e9 emir\u00e1ty<\/a><br><a class=\"second_locs\" href=\"https:\/\/pleasure-world.com\/sk\/models\/all-genders\/united-arab-emirates\/dubai\/\">Dubaj<\/a><br><\/div><div class=\"column\"><a class=\"first_locs\" href=\"https:\/\/pleasure-world.com\/sk\/models\/all-genders\/united-kingdom\/\">Spojen\u00e9 kr\u00e1\u013eovstvo<\/a><br><a class=\"second_locs\" href=\"https:\/\/pleasure-world.com\/sk\/models\/all-genders\/united-kingdom\/london\/\">Lond\u00fdn<\/a><br><a class=\"second_locs\" href=\"https:\/\/pleasure-world.com\/sk\/models\/all-genders\/united-kingdom\/manchester\/\">Manchester<\/a><br><\/div><div class=\"column\"><a class=\"first_locs\" href=\"https:\/\/pleasure-world.com\/sk\/models\/all-genders\/italy\/\">Taliansko<\/a><br><a class=\"second_locs\" href=\"https:\/\/pleasure-world.com\/sk\/models\/all-genders\/italy\/bari\/\">Bari<\/a><br><a class=\"second_locs\" href=\"https:\/\/pleasure-world.com\/sk\/models\/all-genders\/italy\/bergamo\/\">Bergamo<\/a><br><a class=\"second_locs\" href=\"https:\/\/pleasure-world.com\/sk\/models\/all-genders\/italy\/bologna\/\">Bologna<\/a><br><a class=\"second_locs\" href=\"https:\/\/pleasure-world.com\/sk\/models\/all-genders\/italy\/brescia\/\">Brescia<\/a><br><a class=\"second_locs\" href=\"https:\/\/pleasure-world.com\/sk\/models\/all-genders\/italy\/catania\/\">Catania<\/a><br><a class=\"second_locs\" href=\"https:\/\/pleasure-world.com\/sk\/models\/all-genders\/italy\/firenze\/\">Florencia<\/a><br><a class=\"second_locs\" href=\"https:\/\/pleasure-world.com\/sk\/models\/all-genders\/italy\/milano\/\">Mil\u00e1no<\/a><br><a class=\"second_locs\" href=\"https:\/\/pleasure-world.com\/sk\/models\/all-genders\/italy\/napoli\/\">Neapol<\/a><br><a class=\"second_locs\" href=\"https:\/\/pleasure-world.com\/sk\/models\/all-genders\/italy\/padova\/\">Padova<\/a><br><a class=\"second_locs\" href=\"https:\/\/pleasure-world.com\/sk\/models\/all-genders\/italy\/palermo\/\">Palermo<\/a><br><a class=\"second_locs\" href=\"https:\/\/pleasure-world.com\/sk\/models\/all-genders\/italy\/parma\/\">Parma<\/a><br><a class=\"second_locs\" href=\"https:\/\/pleasure-world.com\/sk\/models\/all-genders\/italy\/roma\/\">R\u00edm<\/a><br><a class=\"second_locs\" href=\"https:\/\/pleasure-world.com\/sk\/models\/all-genders\/italy\/torino\/\">Tur\u00edn<\/a><br><a class=\"second_locs\" href=\"https:\/\/pleasure-world.com\/sk\/models\/all-genders\/italy\/udine\/\">Udine<\/a><br><a class=\"second_locs\" href=\"https:\/\/pleasure-world.com\/sk\/models\/all-genders\/italy\/verona\/\">Verona<\/a><br><\/div><div class=\"column\"><a class=\"first_locs\" href=\"https:\/\/pleasure-world.com\/sk\/models\/all-genders\/turkey\/\">Turecko<\/a><br><a class=\"second_locs\" href=\"https:\/\/pleasure-world.com\/sk\/models\/all-genders\/turkey\/adana\/\">Adana<\/a><br><a class=\"second_locs\" href=\"https:\/\/pleasure-world.com\/sk\/models\/all-genders\/turkey\/ankara\/\">Ankara<\/a><br><a class=\"second_locs\" href=\"https:\/\/pleasure-world.com\/sk\/models\/all-genders\/turkey\/antalya\/\">Antalya<\/a><br><a class=\"second_locs\" href=\"https:\/\/pleasure-world.com\/sk\/models\/all-genders\/turkey\/bursa\/\">Bursa<\/a><br><a class=\"second_locs\" href=\"https:\/\/pleasure-world.com\/sk\/models\/all-genders\/turkey\/denizli\/\">Denizli<\/a><br><a class=\"second_locs\" href=\"https:\/\/pleasure-world.com\/sk\/models\/all-genders\/turkey\/esenyurt\/\">Esenyurt<\/a><br><a class=\"second_locs\" href=\"https:\/\/pleasure-world.com\/sk\/models\/all-genders\/turkey\/eskisehir\/\">Eski\u015fehir<\/a><br><a class=\"second_locs\" href=\"https:\/\/pleasure-world.com\/sk\/models\/all-genders\/turkey\/gaziantep\/\">Gaziantep<\/a><br><a class=\"second_locs\" href=\"https:\/\/pleasure-world.com\/sk\/models\/all-genders\/turkey\/istanbul\/\">Istanbul<\/a><br><a class=\"second_locs\" href=\"https:\/\/pleasure-world.com\/sk\/models\/all-genders\/turkey\/kayseri\/\">Kayseri<\/a><br><a class=\"second_locs\" href=\"https:\/\/pleasure-world.com\/sk\/models\/all-genders\/turkey\/konya\/\">Konya<\/a><br><a class=\"second_locs\" href=\"https:\/\/pleasure-world.com\/sk\/models\/all-genders\/turkey\/malatya\/\">Malatya<\/a><br><a class=\"second_locs\" href=\"https:\/\/pleasure-world.com\/sk\/models\/all-genders\/turkey\/mersin\/\">Mersin<\/a><br><a class=\"second_locs\" href=\"https:\/\/pleasure-world.com\/sk\/models\/all-genders\/turkey\/sakarya\/\">Sakarya<\/a><br><a class=\"second_locs\" href=\"https:\/\/pleasure-world.com\/sk\/models\/all-genders\/turkey\/samsun\/\">Samsun<\/a><br><\/div><div class=\"column\"><a class=\"first_locs\" href=\"https:\/\/pleasure-world.com\/sk\/models\/all-genders\/usa\/\">USA<\/a><br><a class=\"second_locs\" href=\"https:\/\/pleasure-world.com\/sk\/models\/all-genders\/usa\/austin\/\">Austin<\/a><br><a class=\"second_locs\" href=\"https:\/\/pleasure-world.com\/sk\/models\/all-genders\/usa\/dallas\/\">Dallas<\/a><br><a class=\"second_locs\" href=\"https:\/\/pleasure-world.com\/sk\/models\/all-genders\/usa\/detroit\/\">Detroit<\/a><br><a class=\"second_locs\" href=\"https:\/\/pleasure-world.com\/sk\/models\/all-genders\/usa\/miami\/\">Miami<\/a><br><\/div><\/div><\/div>\n\t\t\t\t\t\t<\/div>\n\t\t\t\t\t<\/div>\n\t\t<\/div>\n\t\t\t\t\t<\/div>\n\t\t<\/section>\n\t\t\t\t<\/div>","protected":false},"excerpt":{"rendered":"<p>Miesta<\/p>\n","protected":false},"author":30,"featured_media":9735,"parent":0,"menu_order":0,"comment_status":"closed","ping_status":"closed","template":"","meta":{"footnotes":""},"class_list":["post-12771","page","type-page","status-publish","has-post-thumbnail","hentry"],"acf":[],"_links":{"self":[{"href":"https:\/\/pleasure-world.com\/sk\/wp-json\/wp\/v2\/pages\/12771","targetHints":{"allow":["GET"]}}],"collection":[{"href":"https:\/\/pleasure-world.com\/sk\/wp-json\/wp\/v2\/pages"}],"about":[{"href":"https:\/\/pleasure-world.com\/sk\/wp-json\/wp\/v2\/types\/page"}],"author":[{"embeddable":true,"href":"https:\/\/pleasure-world.com\/sk\/wp-json\/wp\/v2\/users\/30"}],"replies":[{"embeddable":true,"href":"https:\/\/pleasure-world.com\/sk\/wp-json\/wp\/v2\/comments?post=12771"}],"version-history":[{"count":0,"href":"https:\/\/pleasure-world.com\/sk\/wp-json\/wp\/v2\/pages\/12771\/revisions"}],"wp:featuredmedia":[{"embeddable":true,"href":"https:\/\/pleasure-world.com\/sk\/wp-json\/wp\/v2\/media\/9735"}],"wp:attachment":[{"href":"https:\/\/pleasure-world.com\/sk\/wp-json\/wp\/v2\/media?parent=12771"}],"curies":[{"name":"wp","href":"https:\/\/api.w.org\/{rel}","templated":true}]}}