{"id":12784,"date":"2022-10-15T18:24:05","date_gmt":"2022-10-15T18:24:05","guid":{"rendered":"https:\/\/pleasure-world.com\/cookie-policy\/"},"modified":"2023-06-18T12:34:51","modified_gmt":"2023-06-18T12:34:51","slug":"cookie-policy","status":"publish","type":"page","link":"https:\/\/pleasure-world.com\/cs\/cookie-policy\/","title":{"rendered":"Cookie policy"},"content":{"rendered":"<div data-elementor-type=\"wp-page\" data-elementor-id=\"12784\" class=\"elementor elementor-12784 elementor-2511\" data-elementor-post-type=\"page\">\n\t\t\t\t\t\t<section class=\"elementor-section elementor-top-section elementor-element elementor-element-6a2daf2 elementor-section-boxed elementor-section-height-default elementor-section-height-default\" data-id=\"6a2daf2\" data-element_type=\"section\">\n\t\t\t\t\t\t<div class=\"elementor-container elementor-column-gap-default\">\n\t\t\t\t\t<div class=\"elementor-column elementor-col-100 elementor-top-column elementor-element elementor-element-135591a\" data-id=\"135591a\" data-element_type=\"column\">\n\t\t\t<div class=\"elementor-widget-wrap elementor-element-populated\">\n\t\t\t\t\t\t<div class=\"elementor-element elementor-element-bf77e38 elementor-widget elementor-widget-theme-post-title elementor-page-title elementor-widget-heading\" data-id=\"bf77e38\" data-element_type=\"widget\" data-widget_type=\"theme-post-title.default\">\n\t\t\t\t\t<h1 class=\"elementor-heading-title elementor-size-default\">Cookie policy<\/h1>\t\t\t\t<\/div>\n\t\t\t\t<div class=\"elementor-element elementor-element-bab4462 elementor-widget elementor-widget-text-editor\" data-id=\"bab4462\" data-element_type=\"widget\" data-widget_type=\"text-editor.default\">\n\t\t\t\t\t\t\t\t\t<div class=\"container art-page-content story\"><p>In accordance with the provisions of \u00a7 89 of Act No. 127\/2005 Coll., on electronic communications, we hereby inform you that our website uses cookies for its operation. Cookies are short text files sent by the website to the web browser and stored on the user&#8217;s computer or other device.<\/p><h2>What do we use cookies for?<\/h2><ul><li><h3>K security<\/h3><p>We use cookies to authenticate users, to prevent fraudulent use of login credentials and to protect user data from access by unauthorized parties.<\/p><\/li><li><h3>To measure website traffic and generate statistics<\/h3><p>We use Google Analytics from Google Inc. to measure traffic, generate statistics and analyze traffic to our website. These services store anonymous cookies each time you visit the site. The services generate anonymized statistics and traffic reports that help us track how visitors use the site, what they prefer and what interests them. Cookies are processed by the processors in accordance with their terms and conditions, which can be found at the links below:<\/p><p><a title=\"Dal\u0161\u00ed informace o Google Analytics\" href=\"https:\/\/marketingplatform.google.com\/about\/analytics\/\" rel=\"nofollow\"  target=\"_blank\" target=\"_blank\" rel=\"nofollow noopener\">Learn more about Google Analytics.<\/a><br \/>Google Privacy Policy.<\/p><\/li><\/ul><div><span style=\"font-family: Raleway;\">\u00a0<\/span><\/div><ul><li><h3>For advertising purposes<\/h3><p>Our website uses cookies from advertising systems of Google Inc., Facebook Inc. to monitor the performance of advertising campaigns in these systems.<\/p><ul><li>Google \u2013\u00a0<a class=\"link--inline\" title=\"Ochrana soukrom\u00ed a smluvn\u00ed podm\u00ednky\" href=\"https:\/\/policies.google.com\/technologies\/ads?hl=cs&amp;gl=cz\" rel=\"nofollow\"  target=\"_blank\" target=\"_blank\" rel=\"nofollow noopener\">Privacy Policy and Terms and Conditions<\/a><\/li><li>Facebook \u2013 <a href=\"https:\/\/www.facebook.com\/about\/privacy\/\" rel=\"nofollow\"  target=\"_blank\" rel=\"nofollow noopener\" target=\"_blank\">Data Use Policy<\/a><\/li><\/ul><\/li><\/ul><p><span style=\"background-color: transparent; color: var( --e-global-color-text );\">Our company uses these systems as a customer to display advertising, including retargeting for the purpose of targeted offers on third-party websites. Cookies are processed by the processors in accordance with their terms and conditions, which can be found at the links below:<\/span><\/p><\/div>\t\t\t\t\t\t\t\t<\/div>\n\t\t\t\t\t<\/div>\n\t\t<\/div>\n\t\t\t\t\t<\/div>\n\t\t<\/section>\n\t\t\t\t<\/div>","protected":false},"excerpt":{"rendered":"<p>In accordance with the provisions of \u00a7 89 of Act No. 127\/2005 Coll., on electronic communications, we hereby inform you that our website uses cookies for its operation. Cookies are short text files sent by the website to the web browser and stored on the user's computer or other device. What do we use cookies [&hellip;]<\/p>\n","protected":false},"author":30,"featured_media":9730,"parent":0,"menu_order":0,"comment_status":"closed","ping_status":"closed","template":"","meta":{"footnotes":""},"class_list":["post-12784","page","type-page","status-publish","has-post-thumbnail","hentry"],"acf":[],"_links":{"self":[{"href":"https:\/\/pleasure-world.com\/cs\/wp-json\/wp\/v2\/pages\/12784","targetHints":{"allow":["GET"]}}],"collection":[{"href":"https:\/\/pleasure-world.com\/cs\/wp-json\/wp\/v2\/pages"}],"about":[{"href":"https:\/\/pleasure-world.com\/cs\/wp-json\/wp\/v2\/types\/page"}],"author":[{"embeddable":true,"href":"https:\/\/pleasure-world.com\/cs\/wp-json\/wp\/v2\/users\/30"}],"replies":[{"embeddable":true,"href":"https:\/\/pleasure-world.com\/cs\/wp-json\/wp\/v2\/comments?post=12784"}],"version-history":[{"count":0,"href":"https:\/\/pleasure-world.com\/cs\/wp-json\/wp\/v2\/pages\/12784\/revisions"}],"wp:featuredmedia":[{"embeddable":true,"href":"https:\/\/pleasure-world.com\/cs\/wp-json\/wp\/v2\/media\/9730"}],"wp:attachment":[{"href":"https:\/\/pleasure-world.com\/cs\/wp-json\/wp\/v2\/media?parent=12784"}],"curies":[{"name":"wp","href":"https:\/\/api.w.org\/{rel}","templated":true}]}}